{"id":23,"date":"2014-12-23T09:21:27","date_gmt":"2014-12-23T09:21:27","guid":{"rendered":"http:\/\/gv-eintracht-babenhausen.de\/?page_id=23"},"modified":"2025-04-19T14:25:38","modified_gmt":"2025-04-19T12:25:38","slug":"leitung","status":"publish","type":"page","link":"https:\/\/archive.gv-eintracht-babenhausen.de\/?page_id=23","title":{"rendered":"Chorleitung"},"content":{"rendered":"<p><strong><a href=\"http:\/\/archive.gv-eintracht-babenhausen.de\/wp-content\/uploads\/kinder.jpg\"><img loading=\"lazy\" decoding=\"async\" class=\"alignleft size-full wp-image-75\" src=\"http:\/\/archive.gv-eintracht-babenhausen.de\/wp-content\/uploads\/kinder.jpg\" alt=\"kinder\" width=\"50\" height=\"500\" srcset=\"https:\/\/archive.gv-eintracht-babenhausen.de\/wp-content\/uploads\/kinder.jpg 50w, https:\/\/archive.gv-eintracht-babenhausen.de\/wp-content\/uploads\/kinder-30x300.jpg 30w, https:\/\/archive.gv-eintracht-babenhausen.de\/wp-content\/uploads\/kinder-49x490.jpg 49w\" sizes=\"auto, (max-width: 50px) 100vw, 50px\" \/><\/a><\/strong><a href=\"http:\/\/archive.gv-eintracht-babenhausen.de\/wp-content\/uploads\/25-04-18_Katja_Boost.jpg\"><img loading=\"lazy\" decoding=\"async\" class=\"size-medium wp-image-932 alignright\" src=\"http:\/\/archive.gv-eintracht-babenhausen.de\/wp-content\/uploads\/25-04-18_Katja_Boost-213x300.jpg\" alt=\"\" width=\"213\" height=\"300\" srcset=\"https:\/\/archive.gv-eintracht-babenhausen.de\/wp-content\/uploads\/25-04-18_Katja_Boost-213x300.jpg 213w, https:\/\/archive.gv-eintracht-babenhausen.de\/wp-content\/uploads\/25-04-18_Katja_Boost-1x1.jpg 1w, https:\/\/archive.gv-eintracht-babenhausen.de\/wp-content\/uploads\/25-04-18_Katja_Boost.jpg 683w\" sizes=\"auto, (max-width: 213px) 100vw, 213px\" \/><\/a>Die in Wiesbaden geborene Altistin <strong>Katja Boost<\/strong> <span class=\"wixui-rich-text__text\"><span class=\"color_15 wixui-rich-text__text\">studierte bei Gertie Charlent am <\/span><\/span><span class=\"wixui-rich-text__text\"><span class=\"color_15 wixui-rich-text__text\">Peter-Cornelius-Konservatorium in Mainz Opern- und Konzertgesang. Nach ihren Examina wechselte sie an die Opernschule nach Stuttgart und absolvierte ihr Aufbaustudium bei <\/span><\/span><span class=\"wixui-rich-text__text\"><span class=\"color_15 wixui-rich-text__text\">Klaus Nagora, <\/span><\/span><span class=\"wixui-rich-text__text\"><span class=\"color_15 wixui-rich-text__text\">Katrin Prick und Julia Hamari.<\/span><\/span><\/p>\n<p>Es schlossen sich Engagements an der <span class=\"wixui-rich-text__text\"><span class=\"color_15 wixui-rich-text__text\">Bayerischen Staatsoper M\u00fcnchen und der Oper der Stadt K\u00f6ln sowie viele Auftritte in deutschen und europ\u00e4ischen H\u00e4usern an. Seit der Geburt ihrer T\u00f6chter ist sie freischaffend als S\u00e4ngerin, Chorleiterin und Stimmbildnerin t\u00e4tig.<\/span><\/span><\/p>\n<p>Im Jahr 2012 gr\u00fcndete Katja Boost im Gesangverein Eintracht den Kinderchor Babenhausen und \u00fcbernahm f\u00fcr viele Jahre die Chorleitung. Wundersch\u00f6ne Auftritte, Konzerte und Musicals sowie ein Jugendchorprojekt wurden von Katja Boost mit den Kindern erarbeitet. Nach einer kurzen Unterbrechung leitet sie seit 2024 den Kinderchor wieder und die Kinder sowie auch der Gesangverein Eintracht sind sehr froh \u00fcber solch eine engagierte und motivierte Chorleiterin, mit der der Spa\u00df am Singen nie zu kurz kommt.<\/p>\n<p><span class=\"wixui-rich-text__text\"><span class=\"color_15 wixui-rich-text__text\">\u00a0<\/span><\/span><\/p>\n","protected":false},"excerpt":{"rendered":"<p>Die in Wiesbaden geborene Altistin Katja Boost studierte bei Gertie Charlent am Peter-Cornelius-Konservatorium in Mainz Opern- und Konzertgesang. Nach ihren Examina wechselte sie an die Opernschule nach Stuttgart und absolvierte [&hellip;]<\/p>\n","protected":false},"author":5,"featured_media":0,"parent":12,"menu_order":1,"comment_status":"open","ping_status":"closed","template":"","meta":{"footnotes":""},"class_list":["post-23","page","type-page","status-publish","hentry"],"_links":{"self":[{"href":"https:\/\/archive.gv-eintracht-babenhausen.de\/index.php?rest_route=\/wp\/v2\/pages\/23","targetHints":{"allow":["GET"]}}],"collection":[{"href":"https:\/\/archive.gv-eintracht-babenhausen.de\/index.php?rest_route=\/wp\/v2\/pages"}],"about":[{"href":"https:\/\/archive.gv-eintracht-babenhausen.de\/index.php?rest_route=\/wp\/v2\/types\/page"}],"author":[{"embeddable":true,"href":"https:\/\/archive.gv-eintracht-babenhausen.de\/index.php?rest_route=\/wp\/v2\/users\/5"}],"replies":[{"embeddable":true,"href":"https:\/\/archive.gv-eintracht-babenhausen.de\/index.php?rest_route=%2Fwp%2Fv2%2Fcomments&post=23"}],"version-history":[{"count":18,"href":"https:\/\/archive.gv-eintracht-babenhausen.de\/index.php?rest_route=\/wp\/v2\/pages\/23\/revisions"}],"predecessor-version":[{"id":937,"href":"https:\/\/archive.gv-eintracht-babenhausen.de\/index.php?rest_route=\/wp\/v2\/pages\/23\/revisions\/937"}],"up":[{"embeddable":true,"href":"https:\/\/archive.gv-eintracht-babenhausen.de\/index.php?rest_route=\/wp\/v2\/pages\/12"}],"wp:attachment":[{"href":"https:\/\/archive.gv-eintracht-babenhausen.de\/index.php?rest_route=%2Fwp%2Fv2%2Fmedia&parent=23"}],"curies":[{"name":"wp","href":"https:\/\/api.w.org\/{rel}","templated":true}]}}