{"id":956,"date":"2025-05-11T23:20:22","date_gmt":"2025-05-11T21:20:22","guid":{"rendered":"https:\/\/gv-eintracht-babenhausen.de\/?page_id=956"},"modified":"2025-06-29T17:39:01","modified_gmt":"2025-06-29T15:39:01","slug":"chorprojekt-projektchor","status":"publish","type":"page","link":"https:\/\/archive.gv-eintracht-babenhausen.de\/?page_id=956","title":{"rendered":"Chorprojekt"},"content":{"rendered":"\n<div class=\"wp-block-media-text has-media-on-the-right is-stacked-on-mobile\"><div class=\"wp-block-media-text__content\">\n<p><strong>Ton f\u00fcr Ton \u2013 gemeinsam klingt\u2018s<\/strong><\/p>\n\n\n\n<p>Lust auf Chor? Dann bist du bei uns genau richtig!<br>Wenn du <strong>Spa\u00df am Singen<\/strong> hast und gerne Zeit in einer fr\u00f6hlichen Gemeinschaft verbringen m\u00f6chtest, dann bist du beim Gesangverein Eintracht 1878 Babenhausen genau richtig. Lass uns gemeinsam die Chorszene in Babenhausen mit unserem <strong>Chorprojekt<\/strong> f\u00fcr alle Stimmlagen beleben und bereichern.<\/p>\n\n\n\n<p><\/p>\n<\/div><figure class=\"wp-block-media-text__media\"><img loading=\"lazy\" decoding=\"async\" width=\"1024\" height=\"680\" src=\"http:\/\/archive.gv-eintracht-babenhausen.de\/wp-content\/uploads\/25-05-16_SV_Bab_Kalender-1024x680.jpg\" alt=\"\" class=\"wp-image-1012 size-full\" srcset=\"https:\/\/archive.gv-eintracht-babenhausen.de\/wp-content\/uploads\/25-05-16_SV_Bab_Kalender-1024x680.jpg 1024w, https:\/\/archive.gv-eintracht-babenhausen.de\/wp-content\/uploads\/25-05-16_SV_Bab_Kalender-300x199.jpg 300w, https:\/\/archive.gv-eintracht-babenhausen.de\/wp-content\/uploads\/25-05-16_SV_Bab_Kalender-768x510.jpg 768w, https:\/\/archive.gv-eintracht-babenhausen.de\/wp-content\/uploads\/25-05-16_SV_Bab_Kalender-2x1.jpg 2w, https:\/\/archive.gv-eintracht-babenhausen.de\/wp-content\/uploads\/25-05-16_SV_Bab_Kalender.jpg 1347w\" sizes=\"auto, (max-width: 1024px) 100vw, 1024px\" \/><\/figure><\/div>\n\n\n<p style=\"text-align: left;\">Musikalisch ist f\u00fcr alle etwas dabei, denn <strong>Vielfalt<\/strong> wird bei uns gro\u00df geschrieben: Geplant ist eine Auswahl an internationalen Chorliedern auf den Bereichen Pop, Schlager und Musical. Diese \u00fcben wir zusammen mit unserer Chorleiterin <a href=\"https:\/\/gv-eintracht-babenhausen.de\/?page_id=15\"><span style=\"color: #000080;\"><strong>Ilka Tousheh<\/strong><\/span><\/a> ein, die uns auf das gro\u00dfe Abschlusskonzert im April 2026 vorbereitet.<\/p>\n<p><strong>Alle k\u00f6nnen mitmachen<\/strong>. Ein Vorsingen gibt es nicht, Notenkenntnisse und Chorerfahrung sind nicht erforderlich. Au\u00dferdem ist die Teilnahme am Projektchor kostenlos und nicht mit einer Mitgliedschaft im Verein verbunden. Probiere es aus und sing mit uns &#8211; wir freuen uns auf dich!<\/p>\n<h3>Termine<\/h3>\n<p><strong>28. August 2025<\/strong>: Auftaktveranstaltung um 18:30 Uhr im kleinen Saal der Stadthalle<br \/>&#8211; Wir stellen das Chorprojekt vor, du kannst uns kennenlernen und unverbindlich in eine erste Probe &#8222;schnuppern&#8220;.<\/p>\n<p><strong>ab 4. September 2025<\/strong>: Probe des Projektchors jeden Donnerstag um 19-20:15 Uhr im &#8222;Roten Hahn&#8220; Fahrsta\u00dfe 40 in Babenhausen<br \/>&#8211; Wir \u00fcben gemeinsam die Chorlieder ein, arbeiten an unserer Stimme und haben zusammen eine gute Zeit!<\/p>\n<p><strong>28. September 2025<\/strong>: Wandertag \/ Ausflug<br \/>&#8211; Wir wollen uns besser kennenlernen und machen gemeinsam eine (leichte) Wanderung. Anschlie\u00dfend sitzen wir bei Speisen und Getr\u00e4nken zusammen und es k\u00f6nnen auch alle dazu kommen, die nicht an der Wanderung teilgenommen haben.<\/p>\n<p><strong>14. Dezember 2025<\/strong>: Advents-Mitsingkonzert ab 17 Uhr in der Evangelischen Kirche in Babenhausen<br \/>&#8211; Unser erster gemeinsamer Auftritt! Wir pr\u00e4sentieren einige Lieder im traditionellen Advents-Mitsingkonzert des Frauenchors &#8222;Women &amp; Voices&#8220; und stellen den Projektchor dem Babenh\u00e4user Publikum vor.<\/p>\n<p><strong>24. + 25. Januar 2026<\/strong>: Probenwochenende<br \/>&#8211; Wir verbringen ein gemeinsames Wochenende au\u00dferhalb von Babenhausen und proben intensiv an unseren Liedern. (Ort wird noch bekannt gegeben)<\/p>\n<p><strong>April 2026<\/strong>: Abschlusskonzert<br \/>&#8211; Das gro\u00dfe Finale! Wir pr\u00e4sentieren unsere Lieder bei einem Abschlusskonzert, zu dem auch weitere Musikgruppen beitragen werden, u.a. der Frauenchor &#8222;Women &amp; Voices&#8220; und der Kinderchor &#8222;KiBa&#8220;. (Datum wird noch bekannt gegeben)<\/p>\n<h3>Das klingt gut!<\/h3>\n<p><strong>Du hast Lust mitzumachen?<br \/><\/strong>Dann komm einfach zur Auftaktveranstaltung am 28. August 2025 und lerne uns kennen.<\/p>\n<p><strong>Du bist neugierig und m\u00f6chtest mehr erfahren?<br \/><\/strong>Dann wende dich gerne an unsere Ansprechpersonen <a href=\"https:\/\/gv-eintracht-babenhausen.de\/?page_id=97\"><strong><span style=\"color: #000080;\">Uschi Doppler<\/span><\/strong><\/a> und <a href=\"https:\/\/gv-eintracht-babenhausen.de\/?page_id=91\"><strong><span style=\"color: #000080;\">Manfred Kunkel<\/span><\/strong><\/a> oder schreib eine Email an: info<a href=\"http:\/\/archive.gv-eintracht-babenhausen.de\/wp-content\/uploads\/grafik-3.png\"><img loading=\"lazy\" decoding=\"async\" class=\"alignnone  wp-image-898\" src=\"http:\/\/archive.gv-eintracht-babenhausen.de\/wp-content\/uploads\/grafik-3.png\" sizes=\"auto, (max-width: 16px) 100vw, 16px\" srcset=\"https:\/\/gv-eintracht-babenhausen.de\/wp-content\/uploads\/grafik-3.png 25w, https:\/\/gv-eintracht-babenhausen.de\/wp-content\/uploads\/grafik-3-1x1.png 1w\" alt=\"\" width=\"16\" height=\"16\" \/><\/a>gv-eintracht-babenhausen.de<\/p>\n<p><strong>Singen f\u00fcr dich, f\u00fcr mich und f\u00fcr alle da drau\u00dfen<br \/><\/strong>Singen im Chor macht Spa\u00df, ist gesund und bringt uns zusammen. Probier es aus und sei dabei!<\/p>\n<p>Wir bedanken uns ganz herzlich f\u00fcr die F\u00f6rderung der \u00d6ffentlichkeitsarbeit zu unsem Chorprojekt durch den <a href=\"https:\/\/bundesmusikverband.de\/amateurmusikfonds-4\/\"><span style=\"color: #000080;\"><strong>Amateurmusikfonds<\/strong><\/span><\/a>.<\/p>","protected":false},"excerpt":{"rendered":"<p>Ton f\u00fcr Ton \u2013 gemeinsam klingt\u2018s Lust auf Chor? Dann bist du bei uns genau richtig!Wenn du Spa\u00df am Singen hast und gerne Zeit in einer fr\u00f6hlichen Gemeinschaft verbringen m\u00f6chtest, [&hellip;]<\/p>\n","protected":false},"author":3,"featured_media":0,"parent":0,"menu_order":0,"comment_status":"closed","ping_status":"closed","template":"","meta":{"footnotes":""},"class_list":["post-956","page","type-page","status-publish","hentry"],"_links":{"self":[{"href":"https:\/\/archive.gv-eintracht-babenhausen.de\/index.php?rest_route=\/wp\/v2\/pages\/956","targetHints":{"allow":["GET"]}}],"collection":[{"href":"https:\/\/archive.gv-eintracht-babenhausen.de\/index.php?rest_route=\/wp\/v2\/pages"}],"about":[{"href":"https:\/\/archive.gv-eintracht-babenhausen.de\/index.php?rest_route=\/wp\/v2\/types\/page"}],"author":[{"embeddable":true,"href":"https:\/\/archive.gv-eintracht-babenhausen.de\/index.php?rest_route=\/wp\/v2\/users\/3"}],"replies":[{"embeddable":true,"href":"https:\/\/archive.gv-eintracht-babenhausen.de\/index.php?rest_route=%2Fwp%2Fv2%2Fcomments&post=956"}],"version-history":[{"count":29,"href":"https:\/\/archive.gv-eintracht-babenhausen.de\/index.php?rest_route=\/wp\/v2\/pages\/956\/revisions"}],"predecessor-version":[{"id":1067,"href":"https:\/\/archive.gv-eintracht-babenhausen.de\/index.php?rest_route=\/wp\/v2\/pages\/956\/revisions\/1067"}],"wp:attachment":[{"href":"https:\/\/archive.gv-eintracht-babenhausen.de\/index.php?rest_route=%2Fwp%2Fv2%2Fmedia&parent=956"}],"curies":[{"name":"wp","href":"https:\/\/api.w.org\/{rel}","templated":true}]}}